{"id":12,"date":"2019-03-24T09:27:59","date_gmt":"2019-03-24T09:27:59","guid":{"rendered":"http:\/\/ferrogeneral.hu\/?page_id=12"},"modified":"2019-12-24T16:25:03","modified_gmt":"2019-12-24T16:25:03","slug":"fooldal","status":"publish","type":"page","link":"https:\/\/ferrogeneral.hu\/public_html\/ferrogeneral.hu\/","title":{"rendered":"F\u0151oldal"},"content":{"rendered":"\n<p class=\"has-medium-font-size\">\u00dcdv\u00f6z\u00f6lj\u00fck oldalunkon<\/p>\n\n\n\n<p>C\u00e9g\u00fcnk els\u0151sorban f\u00e9mmegmunk\u00e1l\u00f3 g\u00e9pek, szersz\u00e1mg\u00e9pek jav\u00edt\u00e1s\u00e1val \u00e9s forgalmaz\u00e1s\u00e1val foglalkozik. Rakt\u00e1rk\u00e9szlet\u00fcnkben megtal\u00e1lhat\u00f3ak \u00faj \u00e9s haszn\u00e1lt g\u00e9pek, tartoz\u00e9kok \u00e9s alkatr\u00e9szek. Term\u00e9keink nagy r\u00e9sz\u00e9t hagyom\u00e1nyos magyar g\u00e9pek \u00e9s hozz\u00e1 j\u00e1r\u00f3 tartoz\u00e9kok teszik ki.<\/p>\n\n\n\n<p>Gy\u00e1rtjuk szersz\u00e1mg\u00e9pek kop\u00f3 alkatr\u00e9szeit rajzok, minta alapj\u00e1n, \u00e9s egy\u00e9b megmunk\u00e1land\u00f3 f\u00e9malkatr\u00e9szeket egyedileg \u00e9s kis sz\u00e9ri\u00e1ban.<\/p>\n\n\n\n<p><\/p>\n\n\n\n<figure class=\"wp-block-image\"><img decoding=\"async\" loading=\"lazy\" width=\"1024\" height=\"256\" src=\"http:\/\/ferrogeneral.hu\/wp-content\/uploads\/2019\/03\/montage-1024x256.jpg\" alt=\"\" class=\"wp-image-46\" srcset=\"https:\/\/ferrogeneral.hu\/wp-content\/uploads\/2019\/03\/montage-1024x256.jpg 1024w, https:\/\/ferrogeneral.hu\/wp-content\/uploads\/2019\/03\/montage-300x75.jpg 300w, https:\/\/ferrogeneral.hu\/wp-content\/uploads\/2019\/03\/montage-768x192.jpg 768w\" sizes=\"(max-width: 1024px) 100vw, 1024px\" \/><\/figure>\n","protected":false},"excerpt":{"rendered":"<p>\u00dcdv\u00f6z\u00f6lj\u00fck oldalunkon C\u00e9g\u00fcnk els\u0151sorban f\u00e9mmegmunk\u00e1l\u00f3 g\u00e9pek, szersz\u00e1mg\u00e9pek jav\u00edt\u00e1s\u00e1val \u00e9s forgalmaz\u00e1s\u00e1val foglalkozik. Rakt\u00e1rk\u00e9szlet\u00fcnkben megtal\u00e1lhat\u00f3ak \u00faj \u00e9s haszn\u00e1lt g\u00e9pek, tartoz\u00e9kok \u00e9s alkatr\u00e9szek. Term\u00e9keink&hellip;<\/p>\n<p class=\"read-more\"><a href=\"https:\/\/ferrogeneral.hu\/public_html\/ferrogeneral.hu\/\" class=\"more-link\">Read more<span class=\"screen-reader-text\"> of F\u0151oldal<\/span><\/a><\/p>\n","protected":false},"author":1,"featured_media":0,"parent":0,"menu_order":0,"comment_status":"closed","ping_status":"closed","template":"","meta":[],"yoast_head":"<!-- This site is optimized with the Yoast SEO plugin v20.9 - https:\/\/yoast.com\/wordpress\/plugins\/seo\/ -->\n<title>F\u0151oldal - FerroGeneral<\/title>\n<meta name=\"description\" content=\"eszterga esztergapad mar\u00f3g\u00e9p k\u00f6sz\u00f6r\u0171 jav\u00edt\u00e1s ad\u00e1s v\u00e9tel elad\u00e1s v\u00e1s\u00e1rl\u00e1s szersz\u00e1mg\u00e9p ad\u00e1s-v\u00e9tel forgalmaz\u00e1s haszn\u00e1l f\u00e9mmegmunk\u00e1l\u00f3 g\u00e9pek\" \/>\n<meta name=\"robots\" content=\"index, follow, max-snippet:-1, max-image-preview:large, max-video-preview:-1\" \/>\n<link rel=\"canonical\" href=\"https:\/\/ferrogeneral.hu\/public_html\/ferrogeneral.hu\/\" \/>\n<meta property=\"og:locale\" content=\"hu_HU\" \/>\n<meta property=\"og:type\" content=\"article\" \/>\n<meta property=\"og:title\" content=\"F\u0151oldal - FerroGeneral\" \/>\n<meta property=\"og:description\" content=\"eszterga esztergapad mar\u00f3g\u00e9p k\u00f6sz\u00f6r\u0171 jav\u00edt\u00e1s ad\u00e1s v\u00e9tel elad\u00e1s v\u00e1s\u00e1rl\u00e1s szersz\u00e1mg\u00e9p ad\u00e1s-v\u00e9tel forgalmaz\u00e1s haszn\u00e1l f\u00e9mmegmunk\u00e1l\u00f3 g\u00e9pek\" \/>\n<meta property=\"og:url\" content=\"https:\/\/ferrogeneral.hu\/public_html\/ferrogeneral.hu\/\" \/>\n<meta property=\"og:site_name\" content=\"FerroGeneral\" \/>\n<meta property=\"article:publisher\" content=\"https:\/\/www.facebook.com\/ferrogeneralkft\/\" \/>\n<meta property=\"article:modified_time\" content=\"2019-12-24T16:25:03+00:00\" \/>\n<meta property=\"og:image\" content=\"http:\/\/ferrogeneral.hu\/wp-content\/uploads\/2019\/03\/montage-1024x256.jpg\" \/>\n<meta name=\"twitter:card\" content=\"summary_large_image\" \/>\n<script type=\"application\/ld+json\" class=\"yoast-schema-graph\">{\"@context\":\"https:\/\/schema.org\",\"@graph\":[{\"@type\":\"WebPage\",\"@id\":\"https:\/\/ferrogeneral.hu\/public_html\/ferrogeneral.hu\/\",\"url\":\"https:\/\/ferrogeneral.hu\/public_html\/ferrogeneral.hu\/\",\"name\":\"F\u0151oldal - FerroGeneral\",\"isPartOf\":{\"@id\":\"https:\/\/ferrogeneral.hu\/public_html\/ferrogeneral.hu\/#website\"},\"datePublished\":\"2019-03-24T09:27:59+00:00\",\"dateModified\":\"2019-12-24T16:25:03+00:00\",\"description\":\"eszterga esztergapad mar\u00f3g\u00e9p k\u00f6sz\u00f6r\u0171 jav\u00edt\u00e1s ad\u00e1s v\u00e9tel elad\u00e1s v\u00e1s\u00e1rl\u00e1s szersz\u00e1mg\u00e9p ad\u00e1s-v\u00e9tel forgalmaz\u00e1s haszn\u00e1l f\u00e9mmegmunk\u00e1l\u00f3 g\u00e9pek\",\"breadcrumb\":{\"@id\":\"https:\/\/ferrogeneral.hu\/public_html\/ferrogeneral.hu\/#breadcrumb\"},\"inLanguage\":\"hu\",\"potentialAction\":[{\"@type\":\"ReadAction\",\"target\":[\"https:\/\/ferrogeneral.hu\/public_html\/ferrogeneral.hu\/\"]}]},{\"@type\":\"BreadcrumbList\",\"@id\":\"https:\/\/ferrogeneral.hu\/public_html\/ferrogeneral.hu\/#breadcrumb\",\"itemListElement\":[{\"@type\":\"ListItem\",\"position\":1,\"name\":\"Home\",\"item\":\"https:\/\/ferrogeneral.hu\/public_html\/ferrogeneral.hu\/\"},{\"@type\":\"ListItem\",\"position\":2,\"name\":\"F\u0151oldal\"}]},{\"@type\":\"WebSite\",\"@id\":\"https:\/\/ferrogeneral.hu\/public_html\/ferrogeneral.hu\/#website\",\"url\":\"https:\/\/ferrogeneral.hu\/public_html\/ferrogeneral.hu\/\",\"name\":\"FerroGeneral\",\"description\":\"Szersz\u00e1mg\u00e9p forgalmaz\u00e1s\",\"publisher\":{\"@id\":\"https:\/\/ferrogeneral.hu\/public_html\/ferrogeneral.hu\/#organization\"},\"potentialAction\":[{\"@type\":\"SearchAction\",\"target\":{\"@type\":\"EntryPoint\",\"urlTemplate\":\"https:\/\/ferrogeneral.hu\/public_html\/ferrogeneral.hu\/?s={search_term_string}\"},\"query-input\":\"required name=search_term_string\"}],\"inLanguage\":\"hu\"},{\"@type\":\"Organization\",\"@id\":\"https:\/\/ferrogeneral.hu\/public_html\/ferrogeneral.hu\/#organization\",\"name\":\"Ferrogeneral Kft.\",\"url\":\"https:\/\/ferrogeneral.hu\/public_html\/ferrogeneral.hu\/\",\"logo\":{\"@type\":\"ImageObject\",\"inLanguage\":\"hu\",\"@id\":\"https:\/\/ferrogeneral.hu\/public_html\/ferrogeneral.hu\/#\/schema\/logo\/image\/\",\"url\":\"https:\/\/ferrogeneral.hu\/wp-content\/uploads\/2019\/03\/ly_proj_1711220.png\",\"contentUrl\":\"https:\/\/ferrogeneral.hu\/wp-content\/uploads\/2019\/03\/ly_proj_1711220.png\",\"width\":1856,\"height\":442,\"caption\":\"Ferrogeneral Kft.\"},\"image\":{\"@id\":\"https:\/\/ferrogeneral.hu\/public_html\/ferrogeneral.hu\/#\/schema\/logo\/image\/\"},\"sameAs\":[\"https:\/\/www.facebook.com\/ferrogeneralkft\/\"]}]}<\/script>\n<!-- \/ Yoast SEO plugin. -->","yoast_head_json":{"title":"F\u0151oldal - FerroGeneral","description":"eszterga esztergapad mar\u00f3g\u00e9p k\u00f6sz\u00f6r\u0171 jav\u00edt\u00e1s ad\u00e1s v\u00e9tel elad\u00e1s v\u00e1s\u00e1rl\u00e1s szersz\u00e1mg\u00e9p ad\u00e1s-v\u00e9tel forgalmaz\u00e1s haszn\u00e1l f\u00e9mmegmunk\u00e1l\u00f3 g\u00e9pek","robots":{"index":"index","follow":"follow","max-snippet":"max-snippet:-1","max-image-preview":"max-image-preview:large","max-video-preview":"max-video-preview:-1"},"canonical":"https:\/\/ferrogeneral.hu\/public_html\/ferrogeneral.hu\/","og_locale":"hu_HU","og_type":"article","og_title":"F\u0151oldal - FerroGeneral","og_description":"eszterga esztergapad mar\u00f3g\u00e9p k\u00f6sz\u00f6r\u0171 jav\u00edt\u00e1s ad\u00e1s v\u00e9tel elad\u00e1s v\u00e1s\u00e1rl\u00e1s szersz\u00e1mg\u00e9p ad\u00e1s-v\u00e9tel forgalmaz\u00e1s haszn\u00e1l f\u00e9mmegmunk\u00e1l\u00f3 g\u00e9pek","og_url":"https:\/\/ferrogeneral.hu\/public_html\/ferrogeneral.hu\/","og_site_name":"FerroGeneral","article_publisher":"https:\/\/www.facebook.com\/ferrogeneralkft\/","article_modified_time":"2019-12-24T16:25:03+00:00","og_image":[{"url":"http:\/\/ferrogeneral.hu\/wp-content\/uploads\/2019\/03\/montage-1024x256.jpg"}],"twitter_card":"summary_large_image","schema":{"@context":"https:\/\/schema.org","@graph":[{"@type":"WebPage","@id":"https:\/\/ferrogeneral.hu\/public_html\/ferrogeneral.hu\/","url":"https:\/\/ferrogeneral.hu\/public_html\/ferrogeneral.hu\/","name":"F\u0151oldal - FerroGeneral","isPartOf":{"@id":"https:\/\/ferrogeneral.hu\/public_html\/ferrogeneral.hu\/#website"},"datePublished":"2019-03-24T09:27:59+00:00","dateModified":"2019-12-24T16:25:03+00:00","description":"eszterga esztergapad mar\u00f3g\u00e9p k\u00f6sz\u00f6r\u0171 jav\u00edt\u00e1s ad\u00e1s v\u00e9tel elad\u00e1s v\u00e1s\u00e1rl\u00e1s szersz\u00e1mg\u00e9p ad\u00e1s-v\u00e9tel forgalmaz\u00e1s haszn\u00e1l f\u00e9mmegmunk\u00e1l\u00f3 g\u00e9pek","breadcrumb":{"@id":"https:\/\/ferrogeneral.hu\/public_html\/ferrogeneral.hu\/#breadcrumb"},"inLanguage":"hu","potentialAction":[{"@type":"ReadAction","target":["https:\/\/ferrogeneral.hu\/public_html\/ferrogeneral.hu\/"]}]},{"@type":"BreadcrumbList","@id":"https:\/\/ferrogeneral.hu\/public_html\/ferrogeneral.hu\/#breadcrumb","itemListElement":[{"@type":"ListItem","position":1,"name":"Home","item":"https:\/\/ferrogeneral.hu\/public_html\/ferrogeneral.hu\/"},{"@type":"ListItem","position":2,"name":"F\u0151oldal"}]},{"@type":"WebSite","@id":"https:\/\/ferrogeneral.hu\/public_html\/ferrogeneral.hu\/#website","url":"https:\/\/ferrogeneral.hu\/public_html\/ferrogeneral.hu\/","name":"FerroGeneral","description":"Szersz\u00e1mg\u00e9p forgalmaz\u00e1s","publisher":{"@id":"https:\/\/ferrogeneral.hu\/public_html\/ferrogeneral.hu\/#organization"},"potentialAction":[{"@type":"SearchAction","target":{"@type":"EntryPoint","urlTemplate":"https:\/\/ferrogeneral.hu\/public_html\/ferrogeneral.hu\/?s={search_term_string}"},"query-input":"required name=search_term_string"}],"inLanguage":"hu"},{"@type":"Organization","@id":"https:\/\/ferrogeneral.hu\/public_html\/ferrogeneral.hu\/#organization","name":"Ferrogeneral Kft.","url":"https:\/\/ferrogeneral.hu\/public_html\/ferrogeneral.hu\/","logo":{"@type":"ImageObject","inLanguage":"hu","@id":"https:\/\/ferrogeneral.hu\/public_html\/ferrogeneral.hu\/#\/schema\/logo\/image\/","url":"https:\/\/ferrogeneral.hu\/wp-content\/uploads\/2019\/03\/ly_proj_1711220.png","contentUrl":"https:\/\/ferrogeneral.hu\/wp-content\/uploads\/2019\/03\/ly_proj_1711220.png","width":1856,"height":442,"caption":"Ferrogeneral Kft."},"image":{"@id":"https:\/\/ferrogeneral.hu\/public_html\/ferrogeneral.hu\/#\/schema\/logo\/image\/"},"sameAs":["https:\/\/www.facebook.com\/ferrogeneralkft\/"]}]}},"_links":{"self":[{"href":"https:\/\/ferrogeneral.hu\/public_html\/ferrogeneral.hu\/index.php\/wp-json\/wp\/v2\/pages\/12"}],"collection":[{"href":"https:\/\/ferrogeneral.hu\/public_html\/ferrogeneral.hu\/index.php\/wp-json\/wp\/v2\/pages"}],"about":[{"href":"https:\/\/ferrogeneral.hu\/public_html\/ferrogeneral.hu\/index.php\/wp-json\/wp\/v2\/types\/page"}],"author":[{"embeddable":true,"href":"https:\/\/ferrogeneral.hu\/public_html\/ferrogeneral.hu\/index.php\/wp-json\/wp\/v2\/users\/1"}],"replies":[{"embeddable":true,"href":"https:\/\/ferrogeneral.hu\/public_html\/ferrogeneral.hu\/index.php\/wp-json\/wp\/v2\/comments?post=12"}],"version-history":[{"count":12,"href":"https:\/\/ferrogeneral.hu\/public_html\/ferrogeneral.hu\/index.php\/wp-json\/wp\/v2\/pages\/12\/revisions"}],"predecessor-version":[{"id":100,"href":"https:\/\/ferrogeneral.hu\/public_html\/ferrogeneral.hu\/index.php\/wp-json\/wp\/v2\/pages\/12\/revisions\/100"}],"wp:attachment":[{"href":"https:\/\/ferrogeneral.hu\/public_html\/ferrogeneral.hu\/index.php\/wp-json\/wp\/v2\/media?parent=12"}],"curies":[{"name":"wp","href":"https:\/\/api.w.org\/{rel}","templated":true}]}}