{"id":127,"date":"2020-01-10T18:47:34","date_gmt":"2020-01-10T18:47:34","guid":{"rendered":"http:\/\/ferrogeneral.hu\/?page_id=127"},"modified":"2020-07-03T16:52:47","modified_gmt":"2020-07-03T14:52:47","slug":"elado-hasznalt-gepek","status":"publish","type":"page","link":"https:\/\/ferrogeneral.hu\/public_html\/ferrogeneral.hu\/index.php\/elado-hasznalt-gepek\/","title":{"rendered":"Elad\u00f3 haszn\u00e1lt g\u00e9pek"},"content":{"rendered":"\n<ul class=\"wp-block-social-links is-layout-flex\"><li class=\"wp-social-link wp-social-link-facebook wp-block-social-link\"><a href=\"https:\/\/www.facebook.com\/ferrogeneralkft\/\" class=\"wp-block-social-link-anchor\"><svg width=\"24\" height=\"24\" viewBox=\"0 0 24 24\" version=\"1.1\" xmlns=\"http:\/\/www.w3.org\/2000\/svg\" aria-hidden=\"true\" focusable=\"false\"><path d=\"M12 2C6.5 2 2 6.5 2 12c0 5 3.7 9.1 8.4 9.9v-7H7.9V12h2.5V9.8c0-2.5 1.5-3.9 3.8-3.9 1.1 0 2.2.2 2.2.2v2.5h-1.3c-1.2 0-1.6.8-1.6 1.6V12h2.8l-.4 2.9h-2.3v7C18.3 21.1 22 17 22 12c0-5.5-4.5-10-10-10z\"><\/path><\/svg><span class=\"wp-block-social-link-label screen-reader-text\">Facebook<\/span><\/a><\/li>\n\n\n\n\n\n\n\n\n\n<\/ul>\n\t\t\t<div id=\"product_listing\" class=\"post-127 page type-page status-publish hentry al_product responsive\">\n\t\t\t<div class=\"ic-catalog-container\"><h2 class=\"catalog-header\">F\u0151 kateg\u00f3ri\u00e1k<\/h2>    <div class=\"product-subcategories responsive default  per-row-2\">\n\t\t\n\n    <div class=\"al_archive category-53 modern-grid-element green-box ic-design \">\n        <a class=\"pseudo-a\" href=\"https:\/\/ferrogeneral.hu\/public_html\/ferrogeneral.hu\/index.php\/products-category\/ipari_gepek\/\"><\/a>\n        <div class=\"pseudo\"><\/div>\n        <a href=\"https:\/\/ferrogeneral.hu\/public_html\/ferrogeneral.hu\/index.php\/products-category\/ipari_gepek\/\"><img width=\"600\" height=\"384\" src=\"https:\/\/ferrogeneral.hu\/wp-content\/uploads\/2020\/07\/IMG_9992-600x384.jpg\" class=\"modern-grid-image\" alt=\"Egy\u00e9b ipari g\u00e9pek\" decoding=\"async\" loading=\"lazy\" \/>            <h3 class=\"product-name green-box ic-design\">Egy\u00e9b ipari g\u00e9pek<\/h3>\n        <\/a>\n    <\/div>\n\n\n\n    <div class=\"al_archive category-25 modern-grid-element green-box ic-design \">\n        <a class=\"pseudo-a\" href=\"https:\/\/ferrogeneral.hu\/public_html\/ferrogeneral.hu\/index.php\/products-category\/esztergagepek\/\"><\/a>\n        <div class=\"pseudo\"><\/div>\n        <a href=\"https:\/\/ferrogeneral.hu\/public_html\/ferrogeneral.hu\/index.php\/products-category\/esztergagepek\/\"><img width=\"577\" height=\"384\" src=\"https:\/\/ferrogeneral.hu\/wp-content\/uploads\/2019\/03\/IMG_4397.jpg\" class=\"modern-grid-image\" alt=\"Esztergag\u00e9pek\" decoding=\"async\" loading=\"lazy\" srcset=\"https:\/\/ferrogeneral.hu\/wp-content\/uploads\/2019\/03\/IMG_4397.jpg 3088w, https:\/\/ferrogeneral.hu\/wp-content\/uploads\/2019\/03\/IMG_4397-300x200.jpg 300w, https:\/\/ferrogeneral.hu\/wp-content\/uploads\/2019\/03\/IMG_4397-768x511.jpg 768w, https:\/\/ferrogeneral.hu\/wp-content\/uploads\/2019\/03\/IMG_4397-1024x682.jpg 1024w, https:\/\/ferrogeneral.hu\/wp-content\/uploads\/2019\/03\/IMG_4397-1200x800.jpg 1200w\" sizes=\"(max-width: 577px) 100vw, 577px\" \/>            <h3 class=\"product-name green-box ic-design\">Esztergag\u00e9pek<\/h3>\n        <\/a>\n    <\/div>\n\n\n\n    <div class=\"al_archive category-39 modern-grid-element green-box ic-design \">\n        <a class=\"pseudo-a\" href=\"https:\/\/ferrogeneral.hu\/public_html\/ferrogeneral.hu\/index.php\/products-category\/faipari-gepek\/\"><\/a>\n        <div class=\"pseudo\"><\/div>\n        <a href=\"https:\/\/ferrogeneral.hu\/public_html\/ferrogeneral.hu\/index.php\/products-category\/faipari-gepek\/\"><img width=\"480\" height=\"384\" src=\"https:\/\/ferrogeneral.hu\/wp-content\/uploads\/2020\/07\/IMG_0366-480x384.jpg\" class=\"modern-grid-image higher\" alt=\"Faipari g\u00e9pek\" decoding=\"async\" loading=\"lazy\" \/>            <h3 class=\"product-name green-box ic-design\">Faipari g\u00e9pek<\/h3>\n        <\/a>\n    <\/div>\n\n\n\n    <div class=\"al_archive category-27 modern-grid-element green-box ic-design \">\n        <a class=\"pseudo-a\" href=\"https:\/\/ferrogeneral.hu\/public_html\/ferrogeneral.hu\/index.php\/products-category\/furogepek\/\"><\/a>\n        <div class=\"pseudo\"><\/div>\n        <a href=\"https:\/\/ferrogeneral.hu\/public_html\/ferrogeneral.hu\/index.php\/products-category\/furogepek\/\"><img width=\"600\" height=\"384\" src=\"https:\/\/ferrogeneral.hu\/wp-content\/uploads\/2020\/07\/IMG_9592-600x384.jpg\" class=\"modern-grid-image\" alt=\"F\u00far\u00f3g\u00e9pek\" decoding=\"async\" loading=\"lazy\" \/>            <h3 class=\"product-name green-box ic-design\">F\u00far\u00f3g\u00e9pek<\/h3>\n        <\/a>\n    <\/div>\n\n\n\n    <div class=\"al_archive category-26 modern-grid-element green-box ic-design \">\n        <a class=\"pseudo-a\" href=\"https:\/\/ferrogeneral.hu\/public_html\/ferrogeneral.hu\/index.php\/products-category\/marogep\/\"><\/a>\n        <div class=\"pseudo\"><\/div>\n        <a href=\"https:\/\/ferrogeneral.hu\/public_html\/ferrogeneral.hu\/index.php\/products-category\/marogep\/\"><img width=\"300\" height=\"300\" src=\"https:\/\/ferrogeneral.hu\/wp-content\/uploads\/2021\/03\/marogep.jpg\" class=\"modern-grid-image higher\" alt=\"Mar\u00f3g\u00e9pek\" decoding=\"async\" loading=\"lazy\" srcset=\"https:\/\/ferrogeneral.hu\/wp-content\/uploads\/2021\/03\/marogep.jpg 300w, https:\/\/ferrogeneral.hu\/wp-content\/uploads\/2021\/03\/marogep-150x150.jpg 150w, https:\/\/ferrogeneral.hu\/wp-content\/uploads\/2021\/03\/marogep-160x160.jpg 160w\" sizes=\"(max-width: 300px) 100vw, 300px\" \/>            <h3 class=\"product-name green-box ic-design\">Mar\u00f3g\u00e9pek<\/h3>\n        <\/a>\n    <\/div>\n\n    <\/div>\ng\u00e9pek nem el\u00e9rhet\u0151.<\/div>\t\t\t<\/div>\n\t\t\t\n","protected":false},"excerpt":{"rendered":"","protected":false},"author":1,"featured_media":0,"parent":0,"menu_order":0,"comment_status":"closed","ping_status":"closed","template":"templates\/elementor.php","meta":[],"yoast_head":"<!-- This site is optimized with the Yoast SEO plugin v20.9 - https:\/\/yoast.com\/wordpress\/plugins\/seo\/ -->\n<title>Elad\u00f3 haszn\u00e1lt g\u00e9pek - FerroGeneral<\/title>\n<meta name=\"description\" content=\"\u00c1ltalunk fel\u00faj\u00edtott haszn\u00e1lt esztergag\u00e9pek, k\u00f6sz\u00f6r\u0171k, faipari g\u00e9pek, g\u00e9palkatr\u00e9szek \u00e9s g\u00e9ptartoz\u00e9kok \u00e9rt\u00e9kes\u00edt\u00e9se.\" \/>\n<meta name=\"robots\" content=\"index, follow, max-snippet:-1, max-image-preview:large, max-video-preview:-1\" \/>\n<link rel=\"canonical\" href=\"https:\/\/ferrogeneral.hu\/public_html\/ferrogeneral.hu\/index.php\/elado-hasznalt-gepek\/\" \/>\n<meta property=\"og:locale\" content=\"hu_HU\" \/>\n<meta property=\"og:type\" content=\"article\" \/>\n<meta property=\"og:title\" content=\"Elad\u00f3 haszn\u00e1lt g\u00e9pek - FerroGeneral\" \/>\n<meta property=\"og:description\" content=\"\u00c1ltalunk fel\u00faj\u00edtott haszn\u00e1lt esztergag\u00e9pek, k\u00f6sz\u00f6r\u0171k, faipari g\u00e9pek, g\u00e9palkatr\u00e9szek \u00e9s g\u00e9ptartoz\u00e9kok \u00e9rt\u00e9kes\u00edt\u00e9se.\" \/>\n<meta property=\"og:url\" content=\"https:\/\/ferrogeneral.hu\/public_html\/ferrogeneral.hu\/index.php\/elado-hasznalt-gepek\/\" \/>\n<meta property=\"og:site_name\" content=\"FerroGeneral\" \/>\n<meta property=\"article:publisher\" content=\"https:\/\/www.facebook.com\/ferrogeneralkft\/\" \/>\n<meta property=\"article:modified_time\" content=\"2020-07-03T14:52:47+00:00\" \/>\n<meta name=\"twitter:card\" content=\"summary_large_image\" \/>\n<script type=\"application\/ld+json\" class=\"yoast-schema-graph\">{\"@context\":\"https:\/\/schema.org\",\"@graph\":[{\"@type\":\"WebPage\",\"@id\":\"https:\/\/ferrogeneral.hu\/public_html\/ferrogeneral.hu\/index.php\/elado-hasznalt-gepek\/\",\"url\":\"https:\/\/ferrogeneral.hu\/public_html\/ferrogeneral.hu\/index.php\/elado-hasznalt-gepek\/\",\"name\":\"Elad\u00f3 haszn\u00e1lt g\u00e9pek - FerroGeneral\",\"isPartOf\":{\"@id\":\"https:\/\/ferrogeneral.hu\/public_html\/ferrogeneral.hu\/#website\"},\"datePublished\":\"2020-01-10T18:47:34+00:00\",\"dateModified\":\"2020-07-03T14:52:47+00:00\",\"description\":\"\u00c1ltalunk fel\u00faj\u00edtott haszn\u00e1lt esztergag\u00e9pek, k\u00f6sz\u00f6r\u0171k, faipari g\u00e9pek, g\u00e9palkatr\u00e9szek \u00e9s g\u00e9ptartoz\u00e9kok \u00e9rt\u00e9kes\u00edt\u00e9se.\",\"breadcrumb\":{\"@id\":\"https:\/\/ferrogeneral.hu\/public_html\/ferrogeneral.hu\/index.php\/elado-hasznalt-gepek\/#breadcrumb\"},\"inLanguage\":\"hu\",\"potentialAction\":[{\"@type\":\"ReadAction\",\"target\":[\"https:\/\/ferrogeneral.hu\/public_html\/ferrogeneral.hu\/index.php\/elado-hasznalt-gepek\/\"]}]},{\"@type\":\"BreadcrumbList\",\"@id\":\"https:\/\/ferrogeneral.hu\/public_html\/ferrogeneral.hu\/index.php\/elado-hasznalt-gepek\/#breadcrumb\",\"itemListElement\":[{\"@type\":\"ListItem\",\"position\":1,\"name\":\"Home\",\"item\":\"https:\/\/ferrogeneral.hu\/public_html\/ferrogeneral.hu\/\"},{\"@type\":\"ListItem\",\"position\":2,\"name\":\"Elad\u00f3 haszn\u00e1lt g\u00e9pek\"}]},{\"@type\":\"WebSite\",\"@id\":\"https:\/\/ferrogeneral.hu\/public_html\/ferrogeneral.hu\/#website\",\"url\":\"https:\/\/ferrogeneral.hu\/public_html\/ferrogeneral.hu\/\",\"name\":\"FerroGeneral\",\"description\":\"Szersz\u00e1mg\u00e9p forgalmaz\u00e1s\",\"publisher\":{\"@id\":\"https:\/\/ferrogeneral.hu\/public_html\/ferrogeneral.hu\/#organization\"},\"potentialAction\":[{\"@type\":\"SearchAction\",\"target\":{\"@type\":\"EntryPoint\",\"urlTemplate\":\"https:\/\/ferrogeneral.hu\/public_html\/ferrogeneral.hu\/?s={search_term_string}\"},\"query-input\":\"required name=search_term_string\"}],\"inLanguage\":\"hu\"},{\"@type\":\"Organization\",\"@id\":\"https:\/\/ferrogeneral.hu\/public_html\/ferrogeneral.hu\/#organization\",\"name\":\"Ferrogeneral Kft.\",\"url\":\"https:\/\/ferrogeneral.hu\/public_html\/ferrogeneral.hu\/\",\"logo\":{\"@type\":\"ImageObject\",\"inLanguage\":\"hu\",\"@id\":\"https:\/\/ferrogeneral.hu\/public_html\/ferrogeneral.hu\/#\/schema\/logo\/image\/\",\"url\":\"https:\/\/ferrogeneral.hu\/wp-content\/uploads\/2019\/03\/ly_proj_1711220.png\",\"contentUrl\":\"https:\/\/ferrogeneral.hu\/wp-content\/uploads\/2019\/03\/ly_proj_1711220.png\",\"width\":1856,\"height\":442,\"caption\":\"Ferrogeneral Kft.\"},\"image\":{\"@id\":\"https:\/\/ferrogeneral.hu\/public_html\/ferrogeneral.hu\/#\/schema\/logo\/image\/\"},\"sameAs\":[\"https:\/\/www.facebook.com\/ferrogeneralkft\/\"]}]}<\/script>\n<!-- \/ Yoast SEO plugin. -->","yoast_head_json":{"title":"Elad\u00f3 haszn\u00e1lt g\u00e9pek - FerroGeneral","description":"\u00c1ltalunk fel\u00faj\u00edtott haszn\u00e1lt esztergag\u00e9pek, k\u00f6sz\u00f6r\u0171k, faipari g\u00e9pek, g\u00e9palkatr\u00e9szek \u00e9s g\u00e9ptartoz\u00e9kok \u00e9rt\u00e9kes\u00edt\u00e9se.","robots":{"index":"index","follow":"follow","max-snippet":"max-snippet:-1","max-image-preview":"max-image-preview:large","max-video-preview":"max-video-preview:-1"},"canonical":"https:\/\/ferrogeneral.hu\/public_html\/ferrogeneral.hu\/index.php\/elado-hasznalt-gepek\/","og_locale":"hu_HU","og_type":"article","og_title":"Elad\u00f3 haszn\u00e1lt g\u00e9pek - FerroGeneral","og_description":"\u00c1ltalunk fel\u00faj\u00edtott haszn\u00e1lt esztergag\u00e9pek, k\u00f6sz\u00f6r\u0171k, faipari g\u00e9pek, g\u00e9palkatr\u00e9szek \u00e9s g\u00e9ptartoz\u00e9kok \u00e9rt\u00e9kes\u00edt\u00e9se.","og_url":"https:\/\/ferrogeneral.hu\/public_html\/ferrogeneral.hu\/index.php\/elado-hasznalt-gepek\/","og_site_name":"FerroGeneral","article_publisher":"https:\/\/www.facebook.com\/ferrogeneralkft\/","article_modified_time":"2020-07-03T14:52:47+00:00","twitter_card":"summary_large_image","schema":{"@context":"https:\/\/schema.org","@graph":[{"@type":"WebPage","@id":"https:\/\/ferrogeneral.hu\/public_html\/ferrogeneral.hu\/index.php\/elado-hasznalt-gepek\/","url":"https:\/\/ferrogeneral.hu\/public_html\/ferrogeneral.hu\/index.php\/elado-hasznalt-gepek\/","name":"Elad\u00f3 haszn\u00e1lt g\u00e9pek - FerroGeneral","isPartOf":{"@id":"https:\/\/ferrogeneral.hu\/public_html\/ferrogeneral.hu\/#website"},"datePublished":"2020-01-10T18:47:34+00:00","dateModified":"2020-07-03T14:52:47+00:00","description":"\u00c1ltalunk fel\u00faj\u00edtott haszn\u00e1lt esztergag\u00e9pek, k\u00f6sz\u00f6r\u0171k, faipari g\u00e9pek, g\u00e9palkatr\u00e9szek \u00e9s g\u00e9ptartoz\u00e9kok \u00e9rt\u00e9kes\u00edt\u00e9se.","breadcrumb":{"@id":"https:\/\/ferrogeneral.hu\/public_html\/ferrogeneral.hu\/index.php\/elado-hasznalt-gepek\/#breadcrumb"},"inLanguage":"hu","potentialAction":[{"@type":"ReadAction","target":["https:\/\/ferrogeneral.hu\/public_html\/ferrogeneral.hu\/index.php\/elado-hasznalt-gepek\/"]}]},{"@type":"BreadcrumbList","@id":"https:\/\/ferrogeneral.hu\/public_html\/ferrogeneral.hu\/index.php\/elado-hasznalt-gepek\/#breadcrumb","itemListElement":[{"@type":"ListItem","position":1,"name":"Home","item":"https:\/\/ferrogeneral.hu\/public_html\/ferrogeneral.hu\/"},{"@type":"ListItem","position":2,"name":"Elad\u00f3 haszn\u00e1lt g\u00e9pek"}]},{"@type":"WebSite","@id":"https:\/\/ferrogeneral.hu\/public_html\/ferrogeneral.hu\/#website","url":"https:\/\/ferrogeneral.hu\/public_html\/ferrogeneral.hu\/","name":"FerroGeneral","description":"Szersz\u00e1mg\u00e9p forgalmaz\u00e1s","publisher":{"@id":"https:\/\/ferrogeneral.hu\/public_html\/ferrogeneral.hu\/#organization"},"potentialAction":[{"@type":"SearchAction","target":{"@type":"EntryPoint","urlTemplate":"https:\/\/ferrogeneral.hu\/public_html\/ferrogeneral.hu\/?s={search_term_string}"},"query-input":"required name=search_term_string"}],"inLanguage":"hu"},{"@type":"Organization","@id":"https:\/\/ferrogeneral.hu\/public_html\/ferrogeneral.hu\/#organization","name":"Ferrogeneral Kft.","url":"https:\/\/ferrogeneral.hu\/public_html\/ferrogeneral.hu\/","logo":{"@type":"ImageObject","inLanguage":"hu","@id":"https:\/\/ferrogeneral.hu\/public_html\/ferrogeneral.hu\/#\/schema\/logo\/image\/","url":"https:\/\/ferrogeneral.hu\/wp-content\/uploads\/2019\/03\/ly_proj_1711220.png","contentUrl":"https:\/\/ferrogeneral.hu\/wp-content\/uploads\/2019\/03\/ly_proj_1711220.png","width":1856,"height":442,"caption":"Ferrogeneral Kft."},"image":{"@id":"https:\/\/ferrogeneral.hu\/public_html\/ferrogeneral.hu\/#\/schema\/logo\/image\/"},"sameAs":["https:\/\/www.facebook.com\/ferrogeneralkft\/"]}]}},"_links":{"self":[{"href":"https:\/\/ferrogeneral.hu\/public_html\/ferrogeneral.hu\/index.php\/wp-json\/wp\/v2\/pages\/127"}],"collection":[{"href":"https:\/\/ferrogeneral.hu\/public_html\/ferrogeneral.hu\/index.php\/wp-json\/wp\/v2\/pages"}],"about":[{"href":"https:\/\/ferrogeneral.hu\/public_html\/ferrogeneral.hu\/index.php\/wp-json\/wp\/v2\/types\/page"}],"author":[{"embeddable":true,"href":"https:\/\/ferrogeneral.hu\/public_html\/ferrogeneral.hu\/index.php\/wp-json\/wp\/v2\/users\/1"}],"replies":[{"embeddable":true,"href":"https:\/\/ferrogeneral.hu\/public_html\/ferrogeneral.hu\/index.php\/wp-json\/wp\/v2\/comments?post=127"}],"version-history":[{"count":19,"href":"https:\/\/ferrogeneral.hu\/public_html\/ferrogeneral.hu\/index.php\/wp-json\/wp\/v2\/pages\/127\/revisions"}],"predecessor-version":[{"id":202,"href":"https:\/\/ferrogeneral.hu\/public_html\/ferrogeneral.hu\/index.php\/wp-json\/wp\/v2\/pages\/127\/revisions\/202"}],"wp:attachment":[{"href":"https:\/\/ferrogeneral.hu\/public_html\/ferrogeneral.hu\/index.php\/wp-json\/wp\/v2\/media?parent=127"}],"curies":[{"name":"wp","href":"https:\/\/api.w.org\/{rel}","templated":true}]}}